{"id":3040,"date":"2025-02-06T13:21:03","date_gmt":"2025-02-06T11:21:03","guid":{"rendered":"https:\/\/amazona.ee\/?page_id=3040"},"modified":"2025-02-10T20:46:27","modified_gmt":"2025-02-10T18:46:27","slug":"fotograf","status":"publish","type":"page","link":"https:\/\/amazona.ee\/ru\/fotograf\/","title":{"rendered":"\u0424\u043e\u0442\u043e\u0433\u0440\u0430\u0444"},"content":{"rendered":"<p>[et_pb_section fb_built=&#8221;1&#8243; admin_label=&#8221;TOP&#8221; _builder_version=&#8221;4.27.2&#8243; _module_preset=&#8221;default&#8221; background_color=&#8221;#4f4aef&#8221; background_image=&#8221;https:\/\/amazona.ee\/wp-content\/uploads\/2024\/09\/day_care_bg_02.webp&#8221; background_position=&#8221;top_center&#8221; bottom_divider_style=&#8221;waves2&#8243; bottom_divider_color=&#8221;#79cc5d&#8221; bottom_divider_height=&#8221;60px&#8221; bottom_divider_height_tablet=&#8221;40px&#8221; bottom_divider_height_phone=&#8221;35px&#8221; bottom_divider_height_last_edited=&#8221;on|phone&#8221; global_colors_info=&#8221;{}&#8221;][et_pb_row _builder_version=&#8221;4.27.2&#8243; _module_preset=&#8221;default&#8221; background_enable_color=&#8221;off&#8221; use_background_color_gradient=&#8221;on&#8221; background_color_gradient_type=&#8221;circular&#8221; background_color_gradient_stops=&#8221;#ffffff 0%|rgba(255,255,255,0) 95%&#8221; background_enable_pattern_style=&#8221;on&#8221; background_pattern_style=&#8221;confetti&#8221; background_pattern_color=&#8221;rgba(94,90,240,0.15)&#8221; custom_margin=&#8221;80px||50px||false|false&#8221; global_colors_info=&#8221;{}&#8221;][et_pb_column type=&#8221;4_4&#8243; _builder_version=&#8221;4.27.0&#8243; _module_preset=&#8221;default&#8221; global_colors_info=&#8221;{}&#8221;][et_pb_text _builder_version=&#8221;4.27.4&#8243; _dynamic_attributes=&#8221;content&#8221; _module_preset=&#8221;default&#8221; text_font=&#8221;|700||on|||||&#8221; text_text_color=&#8221;#8b00ff&#8221; text_font_size=&#8221;40px&#8221; text_line_height=&#8221;1.2em&#8221; background_enable_color=&#8221;off&#8221; text_orientation=&#8221;center&#8221; hover_enabled=&#8221;0&#8243; text_font_size_tablet=&#8221;&#8221; text_font_size_phone=&#8221;30px&#8221; text_font_size_last_edited=&#8221;on|phone&#8221; text_text_shadow_style=&#8221;preset2&#8243; text_text_shadow_color=&#8221;rgba(0,0,0,0.3)&#8221; global_colors_info=&#8221;{}&#8221; text_text_color__hover_enabled=&#8221;off|desktop&#8221; text_text_color__hover=&#8221;#FF7F59&#8243; sticky_enabled=&#8221;0&#8243;]@ET-DC@eyJkeW5hbWljIjp0cnVlLCJjb250ZW50IjoicG9zdF90aXRsZSIsInNldHRpbmdzIjp7ImJlZm9yZSI6IiIsImFmdGVyIjoiIn19@[\/et_pb_text][\/et_pb_column][\/et_pb_row][\/et_pb_section][et_pb_section fb_built=&#8221;1&#8243; _builder_version=&#8221;4.27.0&#8243; _module_preset=&#8221;default&#8221; use_background_color_gradient=&#8221;on&#8221; background_color_gradient_stops=&#8221;#79cc5d 0%|rgba(255,255,255,0.8) 30%|rgba(255,255,255,0.8) 70%|#b6ccaf 100%&#8221; background_color_gradient_overlays_image=&#8221;on&#8221; background_image=&#8221;https:\/\/amazona.ee\/wp-content\/uploads\/2024\/09\/amazona_parrot_bg.webp&#8221; background_size=&#8221;initial&#8221; global_colors_info=&#8221;{}&#8221;][et_pb_row column_structure=&#8221;1_2,1_2&#8243; _builder_version=&#8221;4.27.0&#8243; _module_preset=&#8221;default&#8221; background_enable_color=&#8221;off&#8221; custom_margin=&#8221;60px||60px||true|false&#8221; global_colors_info=&#8221;{}&#8221;][et_pb_column type=&#8221;1_2&#8243; _builder_version=&#8221;4.27.0&#8243; _module_preset=&#8221;default&#8221; global_colors_info=&#8221;{}&#8221;][\/et_pb_column][et_pb_column type=&#8221;1_2&#8243; _builder_version=&#8221;4.27.0&#8243; _module_preset=&#8221;default&#8221; global_colors_info=&#8221;{}&#8221;][et_pb_text _builder_version=&#8221;4.27.4&#8243; _module_preset=&#8221;default&#8221; header_2_font=&#8221;|700|||||||&#8221; header_2_font_size=&#8221;30px&#8221; header_2_line_height=&#8221;1.2em&#8221; header_2_text_align_tablet=&#8221;center&#8221; header_2_text_align_phone=&#8221;center&#8221; header_2_text_align_last_edited=&#8221;on|tablet&#8221; global_colors_info=&#8221;{}&#8221;]<\/p>\n<p>\u0414\u043b\u044f \u0442\u043e\u0433\u043e \u0447\u0442\u043e\u0431\u044b \u0437\u0430\u043f\u0435\u0447\u0430\u0442\u043b\u0435\u0442\u044c \u043a\u043b\u0430\u0441\u0441\u043d\u044b\u0435 \u0444\u043e\u0442\u043e\u0433\u0440\u0430\u0444\u0438\u0438 \u0441 \u0432\u0430\u0448\u0435\u0433\u043e \u043f\u0440\u0430\u0437\u0434\u043d\u0438\u043a\u0430, \u0432\u0430\u043c \u043f\u043e\u043c\u043e\u0436\u0435\u0442 \u043f\u0440\u043e\u0444\u0435\u0441\u0441\u0438\u043e\u043d\u0430\u043b\u044c\u043d\u044b\u0439 \u0444\u043e\u0442\u043e\u0433\u0440\u0430\u0444. \u041d\u0430\u043f\u0438\u0448\u0438\u0442\u0435 \u043d\u0430\u043c \u043e \u0441\u0432\u043e\u0435\u043c \u0436\u0435\u043b\u0430\u043d\u0438\u0438 \u0437\u0430\u043a\u0430\u0437\u0430\u0442\u044c \u0444\u043e\u0442\u043e\u0433\u0440\u0430\u0444\u0430, \u0438 \u043e\u043d \u0441\u043c\u043e\u0436\u0435\u0442 \u043a\u0430\u0436\u0434\u044b\u0439 \u043c\u043e\u043c\u0435\u043d\u0442 \u043f\u0440\u0430\u0437\u0434\u043d\u0438\u043a\u0430 \u043e\u0441\u0442\u0430\u0432\u0438\u0442\u044c \u043d\u0435 \u0442\u043e\u043b\u044c\u043a\u043e \u0432 \u0432\u0430\u0448\u0435\u0439 \u043f\u0430\u043c\u044f\u0442\u0438, \u043d\u043e \u0438 \u043d\u0430 \u0444\u043e\u0442\u043e. \u0422\u0430\u043a\u0436\u0435 \u0432\u043e\u0437\u043c\u043e\u0436\u043d\u043e \u0441\u0434\u0435\u043b\u0430\u0442\u044c \u043d\u0435\u0431\u043e\u043b\u044c\u0448\u043e\u0439 \u043f\u0430\u043c\u044f\u0442\u043d\u044b\u0439 \u0432\u0438\u0434\u0435\u043e\u0440\u043e\u043b\u0438\u043a.<\/p>\n<p><strong>\u0421\u0442\u043e\u0438\u043c\u043e\u0441\u0442\u044c \u0440\u0430\u0431\u043e\u0442\u044b \u0444\u043e\u0442\u043e\u0433\u0440\u0430\u0444\u0430 \u2014 60 \u0435\u0432\u0440\u043e \u0437\u0430 1 \u0447\u0430\u0441.<\/strong><\/p>\n<p>[\/et_pb_text][\/et_pb_column][\/et_pb_row][\/et_pb_section]<\/p>\n","protected":false},"excerpt":{"rendered":"<p>\u0414\u043b\u044f \u0442\u043e\u0433\u043e \u0447\u0442\u043e\u0431\u044b \u0437\u0430\u043f\u0435\u0447\u0430\u0442\u043b\u0435\u0442\u044c \u043a\u043b\u0430\u0441\u0441\u043d\u044b\u0435 \u0444\u043e\u0442\u043e\u0433\u0440\u0430\u0444\u0438\u0438 \u0441 \u0432\u0430\u0448\u0435\u0433\u043e \u043f\u0440\u0430\u0437\u0434\u043d\u0438\u043a\u0430, \u0432\u0430\u043c \u043f\u043e\u043c\u043e\u0436\u0435\u0442 \u043f\u0440\u043e\u0444\u0435\u0441\u0441\u0438\u043e\u043d\u0430\u043b\u044c\u043d\u044b\u0439 \u0444\u043e\u0442\u043e\u0433\u0440\u0430\u0444. \u041d\u0430\u043f\u0438\u0448\u0438\u0442\u0435 \u043d\u0430\u043c \u043e \u0441\u0432\u043e\u0435\u043c \u0436\u0435\u043b\u0430\u043d\u0438\u0438 \u0437\u0430\u043a\u0430\u0437\u0430\u0442\u044c \u0444\u043e\u0442\u043e\u0433\u0440\u0430\u0444\u0430, \u0438 \u043e\u043d \u0441\u043c\u043e\u0436\u0435\u0442 \u043a\u0430\u0436\u0434\u044b\u0439 \u043c\u043e\u043c\u0435\u043d\u0442 \u043f\u0440\u0430\u0437\u0434\u043d\u0438\u043a\u0430 \u043e\u0441\u0442\u0430\u0432\u0438\u0442\u044c \u043d\u0435 \u0442\u043e\u043b\u044c\u043a\u043e \u0432 \u0432\u0430\u0448\u0435\u0439 \u043f\u0430\u043c\u044f\u0442\u0438, \u043d\u043e \u0438 \u043d\u0430 \u0444\u043e\u0442\u043e. \u0422\u0430\u043a\u0436\u0435 \u0432\u043e\u0437\u043c\u043e\u0436\u043d\u043e \u0441\u0434\u0435\u043b\u0430\u0442\u044c \u043d\u0435\u0431\u043e\u043b\u044c\u0448\u043e\u0439 \u043f\u0430\u043c\u044f\u0442\u043d\u044b\u0439 \u0432\u0438\u0434\u0435\u043e\u0440\u043e\u043b\u0438\u043a. \u0421\u0442\u043e\u0438\u043c\u043e\u0441\u0442\u044c \u0440\u0430\u0431\u043e\u0442\u044b \u0444\u043e\u0442\u043e\u0433\u0440\u0430\u0444\u0430 \u2014 60 \u0435\u0432\u0440\u043e \u0437\u0430 1 \u0447\u0430\u0441.<\/p>\n","protected":false},"author":1,"featured_media":0,"parent":0,"menu_order":0,"comment_status":"closed","ping_status":"closed","template":"","meta":{"_et_pb_use_builder":"on","_et_pb_old_content":"<p>[et_pb_section fb_built=\"1\" admin_label=\"TOP\" _builder_version=\"4.27.2\" _module_preset=\"default\" background_color=\"#4f4aef\" background_image=\"https:\/\/amazona.ee\/wp-content\/uploads\/2024\/09\/day_care_bg_02.webp\" background_position=\"top_center\" bottom_divider_style=\"waves2\" bottom_divider_color=\"#79cc5d\" bottom_divider_height=\"60px\" bottom_divider_height_tablet=\"40px\" bottom_divider_height_phone=\"35px\" bottom_divider_height_last_edited=\"on|phone\" global_colors_info=\"{}\" theme_builder_area=\"post_content\"][et_pb_row _builder_version=\"4.27.2\" _module_preset=\"default\" background_enable_color=\"off\" use_background_color_gradient=\"on\" background_color_gradient_type=\"circular\" background_color_gradient_stops=\"#ffffff 0%|rgba(255,255,255,0) 95%\" background_enable_pattern_style=\"on\" background_pattern_style=\"confetti\" background_pattern_color=\"rgba(94,90,240,0.15)\" custom_margin=\"80px||50px||false|false\" global_colors_info=\"{}\" theme_builder_area=\"post_content\"][et_pb_column type=\"4_4\" _builder_version=\"4.27.0\" _module_preset=\"default\" global_colors_info=\"{}\" theme_builder_area=\"post_content\"][et_pb_text _builder_version=\"4.27.2\" _dynamic_attributes=\"content\" _module_preset=\"default\" text_font=\"|700||on|||||\" text_text_color=\"#FF7F59\" text_font_size=\"40px\" text_line_height=\"1.2em\" background_enable_color=\"off\" text_orientation=\"center\" text_font_size_tablet=\"\" text_font_size_phone=\"30px\" text_font_size_last_edited=\"on|phone\" text_text_shadow_style=\"preset2\" text_text_shadow_color=\"rgba(0,0,0,0.3)\" global_colors_info=\"{}\" text_text_color__hover_enabled=\"on|hover\" text_text_color__hover=\"#FF7F59\" theme_builder_area=\"post_content\"]@ET-DC@eyJkeW5hbWljIjp0cnVlLCJjb250ZW50IjoicG9zdF90aXRsZSIsInNldHRpbmdzIjp7ImJlZm9yZSI6IiIsImFmdGVyIjoiIn19@[\/et_pb_text][\/et_pb_column][\/et_pb_row][\/et_pb_section][et_pb_section fb_built=\"1\" _builder_version=\"4.27.0\" _module_preset=\"default\" use_background_color_gradient=\"on\" background_color_gradient_stops=\"#79cc5d 0%|rgba(255,255,255,0.8) 30%|rgba(255,255,255,0.8) 70%|#b6ccaf 100%\" background_color_gradient_overlays_image=\"on\" background_image=\"https:\/\/amazona.ee\/wp-content\/uploads\/2024\/09\/amazona_parrot_bg.webp\" background_size=\"initial\" global_colors_info=\"{}\" theme_builder_area=\"post_content\"][et_pb_row column_structure=\"1_2,1_2\" _builder_version=\"4.27.0\" _module_preset=\"default\" background_enable_color=\"off\" custom_margin=\"60px||60px||true|false\" global_colors_info=\"{}\" theme_builder_area=\"post_content\"][et_pb_column type=\"1_2\" _builder_version=\"4.27.0\" _module_preset=\"default\" global_colors_info=\"{}\" theme_builder_area=\"post_content\"][\/et_pb_column][et_pb_column type=\"1_2\" _builder_version=\"4.27.0\" _module_preset=\"default\" global_colors_info=\"{}\" theme_builder_area=\"post_content\"][et_pb_text _builder_version=\"4.27.4\" _module_preset=\"default\" header_2_font=\"|700|||||||\" header_2_font_size=\"30px\" header_2_line_height=\"1.2em\" hover_enabled=\"0\" header_2_text_align_tablet=\"center\" header_2_text_align_phone=\"center\" header_2_text_align_last_edited=\"on|tablet\" global_colors_info=\"{}\" theme_builder_area=\"post_content\" sticky_enabled=\"0\"]<\/p><p>Klassiliste fotode j\u00e4\u00e4dvustamiseks teie peolt aitab teid professionaalne fotograaf. Kirjutage meile oma soovist tellida fotograaf ja ta suudab iga hetke peost j\u00e4\u00e4dvustada mitte ainult teie m\u00e4lestustes, vaid ka fotodel. Samuti on v\u00f5imalik teha v\u00e4ike m\u00e4lestusvideo.<\/p><p><strong>Fotograafi t\u00f6\u00f6 hind on 60 eurot \u00fche tunni eest.<\/strong><\/p><p>[\/et_pb_text][\/et_pb_column][\/et_pb_row][\/et_pb_section]<\/p>","_et_gb_content_width":"","footnotes":""},"class_list":["post-3040","page","type-page","status-publish","hentry"],"_links":{"self":[{"href":"https:\/\/amazona.ee\/ru\/wp-json\/wp\/v2\/pages\/3040","targetHints":{"allow":["GET"]}}],"collection":[{"href":"https:\/\/amazona.ee\/ru\/wp-json\/wp\/v2\/pages"}],"about":[{"href":"https:\/\/amazona.ee\/ru\/wp-json\/wp\/v2\/types\/page"}],"author":[{"embeddable":true,"href":"https:\/\/amazona.ee\/ru\/wp-json\/wp\/v2\/users\/1"}],"replies":[{"embeddable":true,"href":"https:\/\/amazona.ee\/ru\/wp-json\/wp\/v2\/comments?post=3040"}],"version-history":[{"count":4,"href":"https:\/\/amazona.ee\/ru\/wp-json\/wp\/v2\/pages\/3040\/revisions"}],"predecessor-version":[{"id":3108,"href":"https:\/\/amazona.ee\/ru\/wp-json\/wp\/v2\/pages\/3040\/revisions\/3108"}],"wp:attachment":[{"href":"https:\/\/amazona.ee\/ru\/wp-json\/wp\/v2\/media?parent=3040"}],"curies":[{"name":"wp","href":"https:\/\/api.w.org\/{rel}","templated":true}]}}